{"id":2400,"date":"2013-04-01T23:34:38","date_gmt":"2013-04-01T23:34:38","guid":{"rendered":"http:\/\/pinpao.co\/blog\/?page_id=2400"},"modified":"2013-04-02T02:06:33","modified_gmt":"2013-04-02T02:06:33","slug":"antioxidantes-poderosos","status":"publish","type":"page","link":"https:\/\/pinpao.co\/blog\/antioxidantes-poderosos\/","title":{"rendered":""},"content":{"rendered":"<p><script type=\"text\/javascript\" src=\"http:\/\/forms.aweber.com\/form\/71\/1630641571.js\"><\/script><br \/>\n<object id=\"csSWF\" width=\"623\" height=\"416\" classid=\"clsid:d27cdb6e-ae6d-11cf-96b8-444553540000\" codebase=\"http:\/\/download.macromedia.com\/pub\/shockwave\/cabs\/flash\/swflash.cab#version=6,0,40,0\"><param name=\"quality\" value=\"best\" \/><param name=\"allowfullscreen\" value=\"true\" \/><param name=\"scale\" value=\"showall\" \/><param name=\"allowscriptaccess\" value=\"always\" \/><param name=\"flashvars\" value=\"autostart=true&amp;thumb=FirstFrame.png&amp;thumbscale=45&amp;color=0x000000,0x000000\" \/><param name=\"src\" value=\"https:\/\/pinpao.co\/blog\/video\/antioxidantes\/antioxidantes_controller.swf\" \/><embed id=\"csSWF\" width=\"623\" height=\"416\" type=\"application\/x-shockwave-flash\" src=\"https:\/\/pinpao.co\/blog\/video\/antioxidantes\/antioxidantes_controller.swf\" quality=\"best\" allowfullscreen=\"true\" scale=\"showall\" allowscriptaccess=\"always\" flashvars=\"autostart=true&amp;thumb=FirstFrame.png&amp;thumbscale=45&amp;color=0x000000,0x000000\" \/><!--[if !IE]>--> <img loading=\"lazy\" decoding=\"async\" src=\"http:\/\/pinpao.co\/wp-includes\/js\/tinymce\/themes\/advanced\/img\/trans.gif\" class=\"mceItemMedia mceItemFlash\" width=\"623\" height=\"416\" data-mce-json=\"{'video':{},'params':{'quality':'best','allowfullscreen':'true','scale':'showall','allowscriptaccess':'always','flashvars':'autostart=true&amp;thumb=FirstFrame.png&amp;thumbscale=45&amp;color=0x000000,0x000000','src':'https:\/\/pinpao.co\/blog\/video\/antioxidantes\/antioxidantes_controller.swf'},'object_html':'&lt;!--&lt;![endif]--&gt;&lt;br \/&gt;&lt;div id=\\&quot;noUpdate\\&quot;&gt;&lt;p&gt;The Camtasia Studio video content presented here requires a more recent version of the Adobe Flash Player. If you are using a browser with JavaScript disabled please enable it now. Otherwise, please update your version of the free Flash Player by &lt;a href=\\&quot;http:\/\/www.adobe.com\/go\/getflashplayer\\&quot;&gt;downloading here&lt;\/a&gt;.&lt;\/p&gt;&lt;\/div&gt;&lt;p&gt;\\u00a0&lt;\/p&gt;'}\" alt=\"\" \/><!--<![endif]--><\/object><\/p>\n<h2>antioxidantes poderosos para combatir el proceso de oxidacion<\/h2>\n<p>Nuestro cuerpo esta sometido diariamente a un inevitable proceso qu\u00edmico que envejece nuestras c\u00e9lulas y es conocido como oxidaci\u00f3n que se produce por factores como la contaminaci\u00f3n ambiental, la radiaci\u00f3n, agentes qu\u00edmicos,agentes infecciosos, incluso sustancias qu\u00edmicas que se generan naturalmente en el interior de nuestro cuerpo contribuyen a la oxidaci\u00f3n esto produce radicales libres que tiene efectos perjudiciales para nuestro cuerpo. Desde envejecimiento prematuro, enfermedades como diabetes, artritis, enfermedades de coraz\u00f3n,c\u00e1ncer entre otros. Para combatir la\u00a0oxidaci\u00f3n\u00a0 necesitamos consumir <strong>antioxidantes\u00a0<\/strong><\/p>\n<h2>antioxidantes poderosos<a href=\"https:\/\/pinpao.co\/blog\/productos\/sistemas\/\"><img loading=\"lazy\" decoding=\"async\" class=\"alignright\" title=\"DualCmix\" alt=\"ANtioxidantes\" src=\"https:\/\/pinpao.co\/blog\/images\/dualcmix.jpg\" width=\"113\" height=\"99\" \/><\/a><\/h2>\n<p>DualCmix Bebidas \u00a0antioxidantes que\u00a0benefician el sistema respiratorio, ofrece un gran aporte de vitamina C\u00a0 y ayuda a combatir radicales libres que deterioran las\u00a0c\u00e9lulas. Fortalece el sistema respiratorio, auxiliar contra la tos entre otros.<\/p>\n<p>&nbsp;<\/p>\n<p><a title=\"Afiliacion\" href=\"https:\/\/pinpao.co\/blog\/omniplus\/\" target=\"_blank\">Si deseas afiliarte <\/a>(<strong>puedes acceder al descuento del 20 % al 40 %)<\/strong>\u00a0o<a title=\"suplementos alimenticios\" href=\"https:\/\/pinpao.co\/blog\/productos\/sistemas\/\" target=\"_blank\">\u00a0adquirir el producto<\/a>\u00a0no dudes en <a title=\"contactame\" href=\"https:\/\/pinpao.co\/blog\/contactame\/\" target=\"_blank\">contactarme<\/a> !!<\/p>\n<p>&nbsp;<\/p>\n<p><a href=\"http:\/\/pinpao.co\"><img loading=\"lazy\" decoding=\"async\" class=\"alignnone\" title=\"comparte-este-video\" alt=\"comparte-este-video\" src=\"https:\/\/pinpao.co\/blog\/images\/comparte-video.jpg\" width=\"380\" height=\"45\" \/><\/a><\/p>\n","protected":false},"excerpt":{"rendered":"<p>antioxidantes poderosos para combatir el proceso de oxidacion Nuestro cuerpo esta sometido diariamente a un inevitable proceso qu\u00edmico que envejece nuestras c\u00e9lulas y es conocido como oxidaci\u00f3n que se produce por factores como la contaminaci\u00f3n ambiental, la radiaci\u00f3n, agentes qu\u00edmicos,agentes infecciosos, incluso sustancias qu\u00edmicas que se generan naturalmente en el interior de nuestro cuerpo contribuyen [&hellip;]<\/p>\n","protected":false},"author":1,"featured_media":0,"parent":0,"menu_order":0,"comment_status":"open","ping_status":"open","template":"","meta":{"footnotes":""},"class_list":["post-2400","page","type-page","status-publish","hentry"],"_links":{"self":[{"href":"https:\/\/pinpao.co\/blog\/wp-json\/wp\/v2\/pages\/2400","targetHints":{"allow":["GET"]}}],"collection":[{"href":"https:\/\/pinpao.co\/blog\/wp-json\/wp\/v2\/pages"}],"about":[{"href":"https:\/\/pinpao.co\/blog\/wp-json\/wp\/v2\/types\/page"}],"author":[{"embeddable":true,"href":"https:\/\/pinpao.co\/blog\/wp-json\/wp\/v2\/users\/1"}],"replies":[{"embeddable":true,"href":"https:\/\/pinpao.co\/blog\/wp-json\/wp\/v2\/comments?post=2400"}],"version-history":[{"count":28,"href":"https:\/\/pinpao.co\/blog\/wp-json\/wp\/v2\/pages\/2400\/revisions"}],"predecessor-version":[{"id":2432,"href":"https:\/\/pinpao.co\/blog\/wp-json\/wp\/v2\/pages\/2400\/revisions\/2432"}],"wp:attachment":[{"href":"https:\/\/pinpao.co\/blog\/wp-json\/wp\/v2\/media?parent=2400"}],"curies":[{"name":"wp","href":"https:\/\/api.w.org\/{rel}","templated":true}]}}