{"id":3784,"date":"2014-02-26T22:29:51","date_gmt":"2014-02-26T22:29:51","guid":{"rendered":"http:\/\/pinpao.co\/blog\/?page_id=3784"},"modified":"2014-03-02T19:22:41","modified_gmt":"2014-03-02T19:22:41","slug":"testimonio-del-medico-colombiano-oncologo","status":"publish","type":"page","link":"https:\/\/pinpao.co\/blog\/testimonio-del-medico-colombiano-oncologo\/","title":{"rendered":""},"content":{"rendered":"<p><iframe loading=\"lazy\" src=\"\/\/www.youtube.com\/embed\/NsCxIxe7Mwk?list=UU9JsAJEUdp0ld1d1IVBpf6Q\" height=\"315\" width=\"560\" allowfullscreen=\"\" frameborder=\"0\"><\/iframe><\/p>\n<h2>testimonio del medico colombiano<\/h2>\n<p>Vea este testimonio del medico colombiano <strong>onc\u00f3logo An\u00edbal Garc\u00eda<\/strong> quien conoci\u00f3 esta espectacular empresa por una necesidad de<a href=\"http:\/\/www.pinpao.co\"><img loading=\"lazy\" decoding=\"async\" class=\"alignright\" title=\"testimonio del medico colombiano onc\u00f3logo An\u00edbal Garc\u00eda \" alt=\"testimonio del medico colombiano onc\u00f3logo An\u00edbal Garc\u00eda \" src=\"https:\/\/pinpao.co\/blog\/images\/2014\/medico-anibal.jpg\" width=\"185\" height=\"212\" \/><\/a> familia donde su padre se encontraba en estado de coma (persona inconsciente) se pudo dar cuenta que era debido a un medicamento que tomaba y eso lo intoxico y lo llevo a coma se dio cuenta que era un trastorno nutricional.<\/p>\n<p>Exigi\u00f3 colocarle nutrici\u00f3n celular de<strong> omnilife<\/strong> \u00a0a su padre por duodeno el cual mejor\u00f3. Experto en bioqu\u00edmica \u00a0donde dice que el mercurio es perjudicial en odontolog\u00eda y otros metales son da\u00f1inos.<\/p>\n<p>Investigo <strong>nutrici\u00f3n<\/strong> con m\u00e1s de trescientos cursos de actualizaci\u00f3n en medicina. Explica un poco sobre los amino\u00e1cidos y recomienda a las universidades incluir la nutrici\u00f3n en su curr\u00edculo.<\/p>\n<p>Les recomiendo ver este v\u00eddeo donde nos ense\u00f1a la importancia de<a title=\"suplementos alimenticios\" href=\"https:\/\/pinpao.co\/blog\/productos\/sistemas\/\" target=\"_blank\"><span style=\"color: #ff0000;\"><strong> suplementos alimenticios<\/strong> <\/span><\/a>para mejorar la <strong>calidad de vida<\/strong>.<\/p>\n<p>&nbsp;<\/p>\n<div><strong>Si quieres aprovechar<\/strong> esta gran<strong> oportunidad <\/strong>te puedes afiliar por Internet\u00a0<strong><span style=\"color: #ff0000;\"><a title=\"negocio exitoso\" href=\"https:\/\/pinpao.co\/blog\/negocio-exitoso\/\" target=\"_blank\"><span style=\"color: #ff0000;\">en este link te explico como<\/span><\/a><\/span><span style=\"color: #000000;\">\u00a0<\/span><span><span><span style=\"color: #000000;\"><span style=\"color: #ff0000;\">o<\/span><\/span><span style=\"color: #000000;\"> me dices de que\u00a0pa\u00eds\u00a0eres para\u00a0explicarte\u00a0como hacerlo<\/span><\/span><\/span><\/strong><\/div>\n<div>cualquier inquietud no dudes en consultar o<a title=\"contactame\" href=\"https:\/\/pinpao.co\/blog\/contactame\/\" target=\"_blank\"><strong><span style=\"color: #ff0000;\"> contactame<\/span><\/strong><\/a><\/div>\n<h3><\/h3>\n<h3>Para cerrar\u2026\u2026<\/h3>\n<p>&nbsp;<\/p>\n<p>Si usted quiere aprender paso a paso por medio de v\u00eddeo tutoriales \u201cc\u00f3mo crear su propio negocio y generar dinero extra\u201d le recomendamos que visite ahora mismo<span style=\"color: #ff0000;\"><strong> <a title=\"negocios y salud\" href=\"http:\/\/www.pinpao.co\" target=\"_blank\"><span style=\"color: #ff0000;\">mi sitio web http:\/\/pinpao.co<\/span><\/a><\/strong><\/span> Gracias por su atenci\u00f3n, nos encontramos en un pr\u00f3ximo<\/p>\n<p>&nbsp;<\/p>\n<p>&nbsp;<\/p>\n<p style=\"text-align: center;\"><img loading=\"lazy\" decoding=\"async\" class=\"aligncenter\" title=\"pedro pinzon\" alt=\"pedro pinzon\" src=\"https:\/\/pinpao.co\/blog\/images\/pedro-pinzon_.jpg\" width=\"146\" height=\"161\" \/><\/p>\n<p>&nbsp;<\/p>\n<h4>Pedro Pinz\u00f3n<\/h4>\n<p><a title=\"negocios y salud\" href=\"http:\/\/www.pinpao.co\" target=\"_blank\"><strong><span style=\"color: #ff0000;\">Director de pinpao.co<\/span><\/strong><\/a><\/p>\n","protected":false},"excerpt":{"rendered":"<p>testimonio del medico colombiano Vea este testimonio del medico colombiano onc\u00f3logo An\u00edbal Garc\u00eda quien conoci\u00f3 esta espectacular empresa por una necesidad de familia donde su padre se encontraba en estado de coma (persona inconsciente) se pudo dar cuenta que era debido a un medicamento que tomaba y eso lo intoxico y lo llevo a coma [&hellip;]<\/p>\n","protected":false},"author":1,"featured_media":0,"parent":0,"menu_order":0,"comment_status":"open","ping_status":"open","template":"salespage2.php","meta":{"footnotes":""},"class_list":["post-3784","page","type-page","status-publish","hentry"],"_links":{"self":[{"href":"https:\/\/pinpao.co\/blog\/wp-json\/wp\/v2\/pages\/3784","targetHints":{"allow":["GET"]}}],"collection":[{"href":"https:\/\/pinpao.co\/blog\/wp-json\/wp\/v2\/pages"}],"about":[{"href":"https:\/\/pinpao.co\/blog\/wp-json\/wp\/v2\/types\/page"}],"author":[{"embeddable":true,"href":"https:\/\/pinpao.co\/blog\/wp-json\/wp\/v2\/users\/1"}],"replies":[{"embeddable":true,"href":"https:\/\/pinpao.co\/blog\/wp-json\/wp\/v2\/comments?post=3784"}],"version-history":[{"count":11,"href":"https:\/\/pinpao.co\/blog\/wp-json\/wp\/v2\/pages\/3784\/revisions"}],"predecessor-version":[{"id":3797,"href":"https:\/\/pinpao.co\/blog\/wp-json\/wp\/v2\/pages\/3784\/revisions\/3797"}],"wp:attachment":[{"href":"https:\/\/pinpao.co\/blog\/wp-json\/wp\/v2\/media?parent=3784"}],"curies":[{"name":"wp","href":"https:\/\/api.w.org\/{rel}","templated":true}]}}