{"id":4969,"date":"2020-07-23T01:29:15","date_gmt":"2020-07-23T01:29:15","guid":{"rendered":"https:\/\/pinpao.co\/blog\/?page_id=4969"},"modified":"2020-10-23T18:00:59","modified_gmt":"2020-10-23T18:00:59","slug":"la-parabola-del-acueducto","status":"publish","type":"page","link":"https:\/\/pinpao.co\/blog\/la-parabola-del-acueducto\/","title":{"rendered":"la parabola del acueducto"},"content":{"rendered":"<h1>la Parabola del acueducto<\/h1>\n<p>\u00bfhas oido dialogar de la parabola del acueducto ?<\/p>\n<p style=\"text-align: justify;\">la parabola del acueducto es una narraci\u00f3n o cuento de una forma sencilla y divertida, nos ense\u00f1a de manera clara la diferencia, en lo que es realizar una trabajo u oficio\u00a0f\u00e9rreo, fuerte o duro y trabajar de forma inteligente.<br \/>Al mirar este v\u00eddeo define de que lado quiere estar, si quiere cargar baldes construir acueducto.<\/p>\n<p><iframe loading=\"lazy\" title=\"La par\u00e1bola del Acueducto\" width=\"1200\" height=\"675\" src=\"https:\/\/www.youtube.com\/embed\/QnAZs86HsZE?feature=oembed\" frameborder=\"0\" allow=\"accelerometer; autoplay; clipboard-write; encrypted-media; gyroscope; picture-in-picture; web-share\" referrerpolicy=\"strict-origin-when-cross-origin\" allowfullscreen><\/iframe><\/p>\n<p style=\"text-align: justify;\">A trav\u00e9s de generaciones nos inculcado una forma de vivir, y creemos o quedamos atrapados en esos paradigmas de como es la vida el trabajo por lo cual pocos podemos escapar, de esos paradigmas, y la tendencia es seguir haciendo negocios de la manera tradicional, donde nuestra forma de pensar se\u00a0encasilla a lo que todos hacen. La parabola del acueducto, basado en un libro escrito por Burke Hedges (Coach Experto) nos ense\u00f1a de forma sencilla esta forma de pensamiento<a href=\"https:\/\/pinpao.co\/blog\/negocio-exitoso\/#sthash.9lzWBoqZ.dpbs\" target=\"_blank\" rel=\"noopener noreferrer\"> financiero<\/a>, muy bueno a largo plazo.<\/p>\n<p>\u00a0<\/p>\n<p style=\"text-align: justify;\">La parabola del acueducto cuenta la historia de dos personas Bruno y Pablo que aunque ten\u00edan el mismo empleo su visi\u00f3n era diferente sobre los negocios y los ingresos residuales, para que entienda y aprecie mejor este pensamiento observa con atenci\u00f3n el v\u00eddeo que puede ayudar a cambiar la forma de pensar, o ver en caso\u00a0tal que te identifique con Bruno.<\/p>\n<p style=\"text-align: justify;\">Por eso le recomiendo que se sienta c\u00f3modo y relajado para que le preste atenci\u00f3n y pueda disfrutar este cuento que le pude cambiar la forma de ver las cosas, sobre todo si es la primera vez que lo esta viendo la parabola del acueducto.<\/p>\n<p style=\"text-align: justify;\">Espero que cuando vea el v\u00eddeo tenga clara la intenci\u00f3n, la actitud y el esp\u00edritu emprendedor que queremos en nuestro equipo, si esta interesado escr\u00edbeme al<a href=\"https:\/\/wa.me\/573012802459?text= whatsapp\"> whatsapp<\/a>.<\/p>\n<p style=\"text-align: justify;\"><a href=\"https:\/\/wa.me\/573012802459?text= whatsapp\"><img loading=\"lazy\" decoding=\"async\" class=\"aligncenter\" src=\"https:\/\/pinpao.co\/blog\/images\/2020\/contactame_whatsapp.PNG\" alt=\"\" width=\"578\" height=\"120\" \/><\/a><\/p>\n\n\n<figure class=\"wp-block-image size-large is-resized\"><img loading=\"lazy\" decoding=\"async\" src=\"https:\/\/pinpao.co\/blog\/wp-content\/uploads\/2020\/10\/parabola-1024x683.jpg\" alt=\"parabola\" class=\"wp-image-5379\" width=\"312\" height=\"207\" srcset=\"https:\/\/pinpao.co\/blog\/wp-content\/uploads\/2020\/10\/parabola-1024x683.jpg 1024w, https:\/\/pinpao.co\/blog\/wp-content\/uploads\/2020\/10\/parabola-300x200.jpg 300w, https:\/\/pinpao.co\/blog\/wp-content\/uploads\/2020\/10\/parabola-768x512.jpg 768w, https:\/\/pinpao.co\/blog\/wp-content\/uploads\/2020\/10\/parabola-1536x1024.jpg 1536w\" sizes=\"auto, (max-width: 312px) 100vw, 312px\" \/><figcaption>parabola<\/figcaption><\/figure>\n\n\n\n<h5 class=\"wp-block-heading\">Que Buscamos<\/h5>\n\n\n\n<p>Esperamos que cuando vea el v\u00eddeo tenga clara<strong>&nbsp;la intenci\u00f3n, la actitud y el esp\u00edritu emprendedor que queremos en nuestro equipo<\/strong>.<\/p>\n\n\n\n<p>Si esta interesado escriba al\u00a0whatsapp o Messenger  para que contin\u00faes con el proceso de selecci\u00f3n.<\/p>\n","protected":false},"excerpt":{"rendered":"<p>la Parabola del acueducto \u00bfhas oido dialogar de la parabola del acueducto ? la parabola del acueducto es una narraci\u00f3n o cuento de una forma sencilla y divertida, nos ense\u00f1a de manera clara la diferencia, en lo que es realizar una trabajo u oficio\u00a0f\u00e9rreo, fuerte o duro y trabajar de forma inteligente.Al mirar este v\u00eddeo [&hellip;]<\/p>\n","protected":false},"author":1,"featured_media":5379,"parent":0,"menu_order":0,"comment_status":"closed","ping_status":"closed","template":"salespage2.php","meta":{"footnotes":""},"class_list":["post-4969","page","type-page","status-publish","has-post-thumbnail","hentry"],"_links":{"self":[{"href":"https:\/\/pinpao.co\/blog\/wp-json\/wp\/v2\/pages\/4969","targetHints":{"allow":["GET"]}}],"collection":[{"href":"https:\/\/pinpao.co\/blog\/wp-json\/wp\/v2\/pages"}],"about":[{"href":"https:\/\/pinpao.co\/blog\/wp-json\/wp\/v2\/types\/page"}],"author":[{"embeddable":true,"href":"https:\/\/pinpao.co\/blog\/wp-json\/wp\/v2\/users\/1"}],"replies":[{"embeddable":true,"href":"https:\/\/pinpao.co\/blog\/wp-json\/wp\/v2\/comments?post=4969"}],"version-history":[{"count":11,"href":"https:\/\/pinpao.co\/blog\/wp-json\/wp\/v2\/pages\/4969\/revisions"}],"predecessor-version":[{"id":5384,"href":"https:\/\/pinpao.co\/blog\/wp-json\/wp\/v2\/pages\/4969\/revisions\/5384"}],"wp:featuredmedia":[{"embeddable":true,"href":"https:\/\/pinpao.co\/blog\/wp-json\/wp\/v2\/media\/5379"}],"wp:attachment":[{"href":"https:\/\/pinpao.co\/blog\/wp-json\/wp\/v2\/media?parent=4969"}],"curies":[{"name":"wp","href":"https:\/\/api.w.org\/{rel}","templated":true}]}}