{"id":670,"date":"2012-02-22T15:19:14","date_gmt":"2012-02-22T15:19:14","guid":{"rendered":"http:\/\/pinpao.co\/blog\/?page_id=670"},"modified":"2020-05-12T21:34:49","modified_gmt":"2020-05-12T21:34:49","slug":"omniplus","status":"publish","type":"page","link":"https:\/\/pinpao.co\/blog\/omniplus\/","title":{"rendered":""},"content":{"rendered":"<h2><strong style=\"font-size: 13px;\">Suplemento nutricional Omniplus<a href=\"http:\/\/pinpao.co\"><img loading=\"lazy\" decoding=\"async\" class=\"alignleft\" title=\"omniplus\" src=\"https:\/\/pinpao.co\/blog\/images\/omniplus%20omnilife.jpg\" alt=\"omniplus\" width=\"115\" height=\"102\" \/><\/a><\/strong><\/h2>\n<p>Omniplus aporta gran cantidad de nutrientes y vitaminas micelizadas que fortalecen nuestro sistema inmunol\u00f3gico y favorece todos los sistemas del organismo. Omniplus es es un producto patentado con la tecnolog\u00eda de la <a title=\"micelizaci\u00f3n\" href=\"https:\/\/pinpao.co\/blog\/la-mejor-forma-que-conozco-para-lograr-una-absorcion-la-micelizacion\/\" target=\"_blank\" rel=\"noopener noreferrer\">micelizacion<\/a>, <strong>\u00fanico en el mundo.<\/strong><\/p>\n<p><iframe loading=\"lazy\" src=\"https:\/\/www.youtube.com\/embed\/drJiEQHTBk0\" width=\"560\" height=\"315\" frameborder=\"0\" allowfullscreen=\"allowfullscreen\"><\/iframe><\/p>\n<p>Producto estrella contiene concentrados de origen natural, minerales y vitaminas hidrosolubles,\u00a0 liposolubles, liofilizados, micelizadas con tecnolog\u00eda de punta a nivel mundial exclusiva de omnilife <strong>y soy distribuidor independiente omnilife . <a href=\"https:\/\/portal.omnilife.com\/registro-cliente?distributor_code=57697235PAP&amp;country_code=COL&amp;lang=es\" target=\"_blank\" rel=\"noopener noreferrer\">En este link\u00a0 puede\u00a0 adquirir el producto, y registrarte como cliente admirable.<\/a><\/strong><\/p>\n<p><img loading=\"lazy\" decoding=\"async\" class=\"alignnone size-full\" src=\"https:\/\/pinpao.co\/blog\/images\/omniplus_supreme.GIF\" width=\"480\" height=\"480\" \/><\/p>\n<p>&nbsp;<\/p>\n<p>Puedes formar<strong> tu propio negocio exitoso<\/strong> y ser parte de<strong> esta gran familia<\/strong>. En esta espectacular empresa sabemos y creemos que puedes lograr tus sue\u00f1os .<\/p>\n<p>Si deseas afiliarte quedaras afiliado a los dos \u00a0( la linea de belleza y los productos nutricionales)\u00a0\u00a0(<strong>puedes acceder al <a href=\"https:\/\/portal.omnilife.com\/registro?distributor_code=57697235PAP&amp;country_code=COL&amp;lang=es\" target=\"_blank\" rel=\"noopener noreferrer\">descuento del 20 % al 40<\/a> %)<\/strong> o <span style=\"color: #ff0000;\"><a title=\"suplementos alimenticios\" href=\"https:\/\/portal.omnilife.com\/registro-cliente?distributor_code=57697235PAP&amp;country_code=COL&amp;lang=es\" target=\"_blank\" rel=\"noopener noreferrer\"><span style=\"color: #ff0000;\">adquirir el producto<\/span><\/a><\/span> no dudes en contactarme !!.<a href=\"https:\/\/portal.omnilife.com\/registro?distributor_code=57697235PAP&amp;country_code=COL&amp;lang=es \" target=\"_blank\" rel=\"noopener noreferrer\"><img loading=\"lazy\" decoding=\"async\" class=\"aligncenter\" src=\"https:\/\/pinpao.co\/blog\/images\/2020\/kit-de-afiliacion.jpg\" alt=\"\" width=\"420\" height=\"433\" \/><\/a><\/p>\n<p>&nbsp;<\/p>\n<p>Si eres de<b>\u00a0Lationamerica, Eurasia, Norteam\u00e9rica, Nigeria<\/b><span style=\"color: #ff0000;\">\u00a0<\/span><a href=\"https:\/\/portal.omnilife.com\/registro?distributor_code=57697235PAP&amp;country_code=COL&amp;lang=es\"><span style=\"color: #ff0000;\">Te puedes afiliar por Internet en este link<\/span> o si er<\/a>es de otro pa\u00eds no dudes en<span style=\"color: #ff0000;\"><a title=\"contactame\" href=\"https:\/\/pinpao.co\/blog\/contactame\/\" target=\"_blank\" rel=\"noopener noreferrer\"><span style=\"color: #ff0000;\"> contactarme !!!<\/span><\/a>\u00a0<\/span>para explicarte como lo puedes hacer.<\/p>\n<p><strong>Luego te aparece esta pantalla<\/strong><\/p>\n<p>&nbsp;<\/p>\n<p><strong>Luego esta pantalla<\/strong><\/p>\n<p><strong>Ingresas mi\u00a0c\u00f3digo\u00a0internacional 57697235PAP o si ya aparece continuas el proceso:<\/strong><\/p>\n<p><a href=\"https:\/\/pinpao.co\/blog\/images\/afiliacion_internet.jpg\"><img loading=\"lazy\" decoding=\"async\" class=\"alignnone\" style=\"border: 0pt none;\" title=\"afiliaci\u00f3n internet\" src=\"https:\/\/pinpao.co\/blog\/images\/afiliacion_internet.jpg\" alt=\"afiliaci\u00f3n internet\" width=\"380\" height=\"391\" \/><\/a><\/p>\n<p><strong>(Para la afiliaci\u00f3n\u00a0utiliza protocolo HTTPS \u00a0\u201d100 % seguro\u201d \u00a0canal cifrado destinado a la transferencia segura de datos, utilizado por entidades financieras ).\u00a0<\/strong><\/p>\n<p>&nbsp;<\/p>\n<figure style=\"width: 416px\" class=\"wp-caption aligncenter\"><a href=\"https:\/\/portal.omnilife.com\/registro?distributor_code=57697235PAP&amp;country_code=COL&amp;lang=es\" target=\"_blank\" rel=\"noopener noreferrer\"><img loading=\"lazy\" decoding=\"async\" title=\"quiero ser empresario\" src=\"https:\/\/pinpao.co\/blog\/images\/2014\/hazlo-ahora.jpg\" alt=\"quiero ser empresario\" width=\"416\" height=\"82\" \/><\/a><figcaption class=\"wp-caption-text\">hazlo ahora<\/figcaption><\/figure>\n<p>&nbsp;<\/p>\n<p>&nbsp;<\/p>\n<p><strong>Una vez te hayas afiliado me contactas para que conozcas mas de esta espectacular empresa.<\/strong><\/p>\n<p>&nbsp;<\/p>\n<p><img loading=\"lazy\" decoding=\"async\" class=\"alignnone\" title=\"comparte este video\" src=\"https:\/\/pinpao.co\/blog\/images\/comparte-video.jpg\" alt=\"comparte este video\" width=\"380\" height=\"45\" \/><br \/>\n<script type=\"text\/javascript\" src=\"http:\/\/forms.aweber.com\/form\/71\/1630641571.js\"><\/script><\/p>\n","protected":false},"excerpt":{"rendered":"<p>Suplemento nutricional Omniplus Omniplus aporta gran cantidad de nutrientes y vitaminas micelizadas que fortalecen nuestro sistema inmunol\u00f3gico y favorece todos los sistemas del organismo. Omniplus es es un producto patentado con la tecnolog\u00eda de la micelizacion, \u00fanico en el mundo. Producto estrella contiene concentrados de origen natural, minerales y vitaminas hidrosolubles,\u00a0 liposolubles, liofilizados, micelizadas con [&hellip;]<\/p>\n","protected":false},"author":1,"featured_media":0,"parent":0,"menu_order":0,"comment_status":"open","ping_status":"closed","template":"","meta":{"footnotes":""},"class_list":["post-670","page","type-page","status-publish","hentry"],"_links":{"self":[{"href":"https:\/\/pinpao.co\/blog\/wp-json\/wp\/v2\/pages\/670","targetHints":{"allow":["GET"]}}],"collection":[{"href":"https:\/\/pinpao.co\/blog\/wp-json\/wp\/v2\/pages"}],"about":[{"href":"https:\/\/pinpao.co\/blog\/wp-json\/wp\/v2\/types\/page"}],"author":[{"embeddable":true,"href":"https:\/\/pinpao.co\/blog\/wp-json\/wp\/v2\/users\/1"}],"replies":[{"embeddable":true,"href":"https:\/\/pinpao.co\/blog\/wp-json\/wp\/v2\/comments?post=670"}],"version-history":[{"count":33,"href":"https:\/\/pinpao.co\/blog\/wp-json\/wp\/v2\/pages\/670\/revisions"}],"predecessor-version":[{"id":4840,"href":"https:\/\/pinpao.co\/blog\/wp-json\/wp\/v2\/pages\/670\/revisions\/4840"}],"wp:attachment":[{"href":"https:\/\/pinpao.co\/blog\/wp-json\/wp\/v2\/media?parent=670"}],"curies":[{"name":"wp","href":"https:\/\/api.w.org\/{rel}","templated":true}]}}