{"id":761,"date":"2012-03-15T01:49:54","date_gmt":"2012-03-15T01:49:54","guid":{"rendered":"http:\/\/pinpao.co\/blog\/?page_id=761"},"modified":"2014-03-28T22:04:43","modified_gmt":"2014-03-28T22:04:43","slug":"cancer","status":"publish","type":"page","link":"https:\/\/pinpao.co\/blog\/cancer\/","title":{"rendered":""},"content":{"rendered":"<p style=\"text-align: center;\"><a href=\"http:\/\/pinpao.co\"><img loading=\"lazy\" decoding=\"async\" class=\" aligncenter\" style=\"border: 0pt none;\" title=\"Productos\" alt=\"\" src=\"https:\/\/pinpao.co\/blog\/images\/A-product.jpg\" width=\"329\" height=\"88\" \/><\/a><\/p>\n<p style=\"text-align: center;\"><object width=\"300\" height=\"200\" classid=\"clsid:d27cdb6e-ae6d-11cf-96b8-444553540000\" codebase=\"http:\/\/download.macromedia.com\/pub\/shockwave\/cabs\/flash\/swflash.cab#version=6,0,40,0\"><param name=\"quality\" value=\"high\" \/><param name=\"src\" value=\"https:\/\/pinpao.co\/blog\/video\/cancer\/cancer_controller.swf\" \/><param name=\"embed\" value=\"\" \/><embed width=\"300\" height=\"200\" type=\"application\/x-shockwave-flash\" src=\"https:\/\/pinpao.co\/blog\/video\/cancer\/cancer_controller.swf\" quality=\"high\" embed=\"\" \/><\/object><\/p>\n<p style=\"text-align: center;\">Para que esperar que aparezcan los s\u00edntomas si los podemos prevenir con productos con <a title=\"suplementos alimenticios\" href=\"https:\/\/pinpao.co\/blog\/productos\/sistemas\/\" target=\"_blank\"><strong>UZO<\/strong><\/a> espor\u00e1dico que promueve la protecci\u00f3n de algunos de los efectos secundarios producidos por agentes quimioterap\u00e9uticos, ayudando a mejorar la calidad de vida y un efectivo modificador del sistema de defensas del cuerpo entre otros.<\/p>\n<p>Si deseas afiliarte (<strong>puedes acceder al descuento del 20 % al 40 %)<\/strong>\u00a0o\u00a0<a title=\"suplementos alimenticios\" href=\"https:\/\/pinpao.co\/blog\/productos\/sistemas\/\" target=\"_blank\"><span style=\"color: #ff0000;\"><strong>adquirir el producto\u00bb en inmunologico<\/strong><\/span>\u00ab<\/a> no dudes en contactarme !!<\/p>\n<p>Si eres de <strong>Colombia<\/strong>,\u00a0<strong>Argentina, Brasil, Ecuador<\/strong>,<strong>\u00a0<\/strong><b>M\u00e9xico<\/b>\u00a0o <strong>Estados Unidos<\/strong> Te puedes <strong>afiliar por\u00a0<\/strong><b>Internet<\/b><span style=\"color: #ff0000;\"><strong>\u00a0<a title=\"negocio exitoso\" href=\"https:\/\/pinpao.co\/blog\/negocio-exitoso\/\" target=\"_blank\"><span style=\"color: #ff0000;\">en este\u00a0link te explico <\/span><\/a><\/strong><\/span>o si eres de otro\u00a0pa\u00eds\u00a0no dudes en contactarme !!!<\/p>\n<p>luego te aparece esta pantalla escoges la opci\u00f3n <strong>inscribirte en linea<\/strong><\/p>\n<p style=\"text-align: center;\"><img loading=\"lazy\" decoding=\"async\" class=\"alignnone\" title=\"quiero ser empresario\" alt=\"\" src=\"https:\/\/pinpao.co\/blog\/images\/quiero_ser.jpg\" width=\"532\" height=\"250\" \/><\/p>\n<p style=\"text-align: center;\"><strong>Luego esta pantalla ingresas el codigo 57697235PAP\u00a0\u00a0 <\/strong><\/p>\n<p style=\"text-align: center;\"><strong>y completa el formulario con tus datos<\/strong><\/p>\n<p><img loading=\"lazy\" decoding=\"async\" class=\"alignnone\" title=\"afiliacion internet\" alt=\"\" src=\"https:\/\/pinpao.co\/blog\/images\/afiliacion_internet.jpg\" width=\"723\" height=\"434\" \/><\/p>\n<p style=\"text-align: center;\"><strong>Continua el proceso dando clic en siguiente<\/strong><\/p>\n<p style=\"text-align: center;\">Una vez te afilies me contactas para explicarte mas de esta espectacular empresa !!!<\/p>\n<p><script type=\"text\/javascript\" src=\"http:\/\/forms.aweber.com\/form\/71\/1630641571.js\"><\/script><\/p>\n","protected":false},"excerpt":{"rendered":"<p>Para que esperar que aparezcan los s\u00edntomas si los podemos prevenir con productos con UZO espor\u00e1dico que promueve la protecci\u00f3n de algunos de los efectos secundarios producidos por agentes quimioterap\u00e9uticos, ayudando a mejorar la calidad de vida y un efectivo modificador del sistema de defensas del cuerpo entre otros. Si deseas afiliarte (puedes acceder al [&hellip;]<\/p>\n","protected":false},"author":1,"featured_media":0,"parent":0,"menu_order":0,"comment_status":"open","ping_status":"closed","template":"","meta":{"footnotes":""},"class_list":["post-761","page","type-page","status-publish","hentry"],"_links":{"self":[{"href":"https:\/\/pinpao.co\/blog\/wp-json\/wp\/v2\/pages\/761","targetHints":{"allow":["GET"]}}],"collection":[{"href":"https:\/\/pinpao.co\/blog\/wp-json\/wp\/v2\/pages"}],"about":[{"href":"https:\/\/pinpao.co\/blog\/wp-json\/wp\/v2\/types\/page"}],"author":[{"embeddable":true,"href":"https:\/\/pinpao.co\/blog\/wp-json\/wp\/v2\/users\/1"}],"replies":[{"embeddable":true,"href":"https:\/\/pinpao.co\/blog\/wp-json\/wp\/v2\/comments?post=761"}],"version-history":[{"count":69,"href":"https:\/\/pinpao.co\/blog\/wp-json\/wp\/v2\/pages\/761\/revisions"}],"predecessor-version":[{"id":3866,"href":"https:\/\/pinpao.co\/blog\/wp-json\/wp\/v2\/pages\/761\/revisions\/3866"}],"wp:attachment":[{"href":"https:\/\/pinpao.co\/blog\/wp-json\/wp\/v2\/media?parent=761"}],"curies":[{"name":"wp","href":"https:\/\/api.w.org\/{rel}","templated":true}]}}